{"id":764,"date":"2023-04-18T10:59:04","date_gmt":"2023-04-18T10:59:04","guid":{"rendered":"https:\/\/krugrestaurantsplit.com\/faq\/"},"modified":"2023-08-21T13:46:48","modified_gmt":"2023-08-21T13:46:48","slug":"cpp","status":"publish","type":"page","link":"https:\/\/krugrestaurantsplit.com\/hr\/cpp\/","title":{"rendered":"\u010cPP"},"content":{"rendered":"\t\t<div data-elementor-type=\"wp-page\" data-elementor-id=\"764\" class=\"elementor elementor-764 elementor-112\" data-elementor-post-type=\"page\">\n\t\t\t\t\t\t<section class=\"elementor-section elementor-top-section elementor-element elementor-element-30e58fc elementor-section-boxed elementor-section-height-default elementor-section-height-default elementor-invisible\" data-id=\"30e58fc\" data-element_type=\"section\" data-settings=\"{&quot;animation&quot;:&quot;fadeInUp&quot;}\">\n\t\t\t\t\t\t<div class=\"elementor-container elementor-column-gap-default\">\n\t\t\t\t\t<div class=\"elementor-column elementor-col-100 elementor-top-column elementor-element elementor-element-47ad192\" data-id=\"47ad192\" data-element_type=\"column\">\n\t\t\t<div class=\"elementor-widget-wrap elementor-element-populated\">\n\t\t\t\t\t\t<div class=\"elementor-element elementor-element-328b7cb elementor-widget elementor-widget-heading\" data-id=\"328b7cb\" data-element_type=\"widget\" data-widget_type=\"heading.default\">\n\t\t\t\t<div class=\"elementor-widget-container\">\n\t\t\t\t\t<h2 class=\"elementor-heading-title elementor-size-default\">\u010cesto postavljena pitanja<\/h2>\t\t\t\t<\/div>\n\t\t\t\t<\/div>\n\t\t\t\t<div class=\"elementor-element elementor-element-7d353af elementor-widget-divider--view-line elementor-invisible elementor-widget elementor-widget-divider\" data-id=\"7d353af\" data-element_type=\"widget\" data-settings=\"{&quot;_animation&quot;:&quot;fadeInUp&quot;,&quot;_animation_delay&quot;:300}\" data-widget_type=\"divider.default\">\n\t\t\t\t<div class=\"elementor-widget-container\">\n\t\t\t\t\t\t\t<div class=\"elementor-divider\">\n\t\t\t<span class=\"elementor-divider-separator\">\n\t\t\t\t\t\t<\/span>\n\t\t<\/div>\n\t\t\t\t\t\t<\/div>\n\t\t\t\t<\/div>\n\t\t\t\t\t<\/div>\n\t\t<\/div>\n\t\t\t\t\t<\/div>\n\t\t<\/section>\n\t\t\t\t<section class=\"elementor-section elementor-top-section elementor-element elementor-element-be89d6a elementor-section-boxed elementor-section-height-default elementor-section-height-default elementor-invisible\" data-id=\"be89d6a\" data-element_type=\"section\" data-settings=\"{&quot;animation&quot;:&quot;fadeInUp&quot;,&quot;background_background&quot;:&quot;classic&quot;}\">\n\t\t\t\t\t\t<div class=\"elementor-container elementor-column-gap-default\">\n\t\t\t\t\t<div class=\"elementor-column elementor-col-100 elementor-top-column elementor-element elementor-element-9d373ce\" data-id=\"9d373ce\" data-element_type=\"column\" data-settings=\"{&quot;background_background&quot;:&quot;classic&quot;}\">\n\t\t\t<div class=\"elementor-widget-wrap elementor-element-populated\">\n\t\t\t\t\t\t<div class=\"elementor-element elementor-element-8c261f3 elementor-widget elementor-widget-heading\" data-id=\"8c261f3\" data-element_type=\"widget\" data-widget_type=\"heading.default\">\n\t\t\t\t<div class=\"elementor-widget-container\">\n\t\t\t\t\t<h3 class=\"elementor-heading-title elementor-size-default\">Kakva se kuhinja poslu\u017euje u restoranu Krug?<\/h3>\t\t\t\t<\/div>\n\t\t\t\t<\/div>\n\t\t\t\t<div class=\"elementor-element elementor-element-72befa4 elementor-widget elementor-widget-text-editor\" data-id=\"72befa4\" data-element_type=\"widget\" data-widget_type=\"text-editor.default\">\n\t\t\t\t<div class=\"elementor-widget-container\">\n\t\t\t\t\t\t\t\t\t<p>Restoran Krug spoj tradicionalnih jela s modernim tehnikama.<\/p>\t\t\t\t\t\t\t\t<\/div>\n\t\t\t\t<\/div>\n\t\t\t\t<div class=\"elementor-element elementor-element-487b19c elementor-widget elementor-widget-heading\" data-id=\"487b19c\" data-element_type=\"widget\" data-widget_type=\"heading.default\">\n\t\t\t\t<div class=\"elementor-widget-container\">\n\t\t\t\t\t<h3 class=\"elementor-heading-title elementor-size-default\">Mo\u017ee li Krug prilagoditi prehrambene restrikcije ili alergije?<\/h3>\t\t\t\t<\/div>\n\t\t\t\t<\/div>\n\t\t\t\t<div class=\"elementor-element elementor-element-3be8f4b elementor-widget elementor-widget-text-editor\" data-id=\"3be8f4b\" data-element_type=\"widget\" data-widget_type=\"text-editor.default\">\n\t\t\t\t<div class=\"elementor-widget-container\">\n\t\t\t\t\t\t\t\t\t<p>Molimo vas da nas obavijestite o bilo kakvim ograni\u010denjima prilikom rezervacije.<\/p>\t\t\t\t\t\t\t\t<\/div>\n\t\t\t\t<\/div>\n\t\t\t\t<div class=\"elementor-element elementor-element-d9b7784 elementor-widget elementor-widget-heading\" data-id=\"d9b7784\" data-element_type=\"widget\" data-widget_type=\"heading.default\">\n\t\t\t\t<div class=\"elementor-widget-container\">\n\t\t\t\t\t<h3 class=\"elementor-heading-title elementor-size-default\">Kako mogu rezervirati stol u Krugu?<\/h3>\t\t\t\t<\/div>\n\t\t\t\t<\/div>\n\t\t\t\t<div class=\"elementor-element elementor-element-f93ba50 elementor-widget elementor-widget-text-editor\" data-id=\"f93ba50\" data-element_type=\"widget\" data-widget_type=\"text-editor.default\">\n\t\t\t\t<div class=\"elementor-widget-container\">\n\t\t\t\t\t\t\t\t\t<p>Rezervacije za grupe do 6 osoba mogu se napraviti online. Datumi rezervacija osloba\u0111aju se mjesec dana unaprijed na dan. Za grupe od 7-8 osoba, molimo vas da nas kontaktirate izravno.<\/p>\t\t\t\t\t\t\t\t<\/div>\n\t\t\t\t<\/div>\n\t\t\t\t<div class=\"elementor-element elementor-element-44675e3 elementor-widget elementor-widget-heading\" data-id=\"44675e3\" data-element_type=\"widget\" data-widget_type=\"heading.default\">\n\t\t\t\t<div class=\"elementor-widget-container\">\n\t\t\t\t\t<h3 class=\"elementor-heading-title elementor-size-default\">\u0160to ako je moj \u017eeljeni datum rezervacije ve\u0107 popunjen?<\/h3>\t\t\t\t<\/div>\n\t\t\t\t<\/div>\n\t\t\t\t<div class=\"elementor-element elementor-element-cd91d9d elementor-widget elementor-widget-text-editor\" data-id=\"cd91d9d\" data-element_type=\"widget\" data-widget_type=\"text-editor.default\">\n\t\t\t\t<div class=\"elementor-widget-container\">\n\t\t\t\t\t\t\t\t\t<p>Ako je va\u0161 \u017eeljeni datum ve\u0107 popunjen, molimo vas da se prijavite na na\u0161u listu \u010dekanja. Kontaktirat \u0107emo vas ako se stol oslobodi.<\/p>\t\t\t\t\t\t\t\t<\/div>\n\t\t\t\t<\/div>\n\t\t\t\t<div class=\"elementor-element elementor-element-a6c72ca elementor-widget elementor-widget-heading\" data-id=\"a6c72ca\" data-element_type=\"widget\" data-widget_type=\"heading.default\">\n\t\t\t\t<div class=\"elementor-widget-container\">\n\t\t\t\t\t<h3 class=\"elementor-heading-title elementor-size-default\">Postoji li \u201cdress code\u201d u Krugu?<\/h3>\t\t\t\t<\/div>\n\t\t\t\t<\/div>\n\t\t\t\t<div class=\"elementor-element elementor-element-cec4471 elementor-widget elementor-widget-text-editor\" data-id=\"cec4471\" data-element_type=\"widget\" data-widget_type=\"text-editor.default\">\n\t\t\t\t<div class=\"elementor-widget-container\">\n\t\t\t\t\t\t\t\t\t<p>\u017delimo da se na\u0161i gosti osje\u0107aju ugodno, restoran Krug nema \u201cdress code\u201d.<\/p>\t\t\t\t\t\t\t\t<\/div>\n\t\t\t\t<\/div>\n\t\t\t\t<div class=\"elementor-element elementor-element-f5a4258 elementor-widget elementor-widget-heading\" data-id=\"f5a4258\" data-element_type=\"widget\" data-widget_type=\"heading.default\">\n\t\t\t\t<div class=\"elementor-widget-container\">\n\t\t\t\t\t<h3 class=\"elementor-heading-title elementor-size-default\">Mogu li donijeti vlastito vino u Krug?<\/h3>\t\t\t\t<\/div>\n\t\t\t\t<\/div>\n\t\t\t\t<div class=\"elementor-element elementor-element-9cd084d elementor-widget elementor-widget-text-editor\" data-id=\"9cd084d\" data-element_type=\"widget\" data-widget_type=\"text-editor.default\">\n\t\t\t\t<div class=\"elementor-widget-container\">\n\t\t\t\t\t\t\t\t\t<p>Molimo vas da nas izravno kontaktirate kako biste se informirali o na\u0161oj politici i naknadama za dono\u0161enje vlastitog vina.<\/p>\t\t\t\t\t\t\t\t<\/div>\n\t\t\t\t<\/div>\n\t\t\t\t<div class=\"elementor-element elementor-element-eb82747 elementor-widget elementor-widget-heading\" data-id=\"eb82747\" data-element_type=\"widget\" data-widget_type=\"heading.default\">\n\t\t\t\t<div class=\"elementor-widget-container\">\n\t\t\t\t\t<h3 class=\"elementor-heading-title elementor-size-default\">Koji je maksimalni broj gostiju dopu\u0161ten u restoranu za jednu grupu?<\/h3>\t\t\t\t<\/div>\n\t\t\t\t<\/div>\n\t\t\t\t<div class=\"elementor-element elementor-element-c1f5e2d elementor-widget elementor-widget-text-editor\" data-id=\"c1f5e2d\" data-element_type=\"widget\" data-widget_type=\"text-editor.default\">\n\t\t\t\t<div class=\"elementor-widget-container\">\n\t\t\t\t\t\t\t\t\tRestoran mo\u017ee primiti najvi\u0161e \u0161est gostiju. Me\u0111utim, ako imate grupu ve\u0107u od toga, mo\u017eete stupiti u kontakt s na\u0161im timom za privatne ve\u010dere i posebne doga\u0111aje putem <a class=\"footer-link\" href=\"https:\/\/krugrestaurantsplit.com\/hr\/informacije\/\">e-po\u0161te.<\/a>\t\t\t\t\t\t\t\t<\/div>\n\t\t\t\t<\/div>\n\t\t\t\t\t<\/div>\n\t\t<\/div>\n\t\t\t\t\t<\/div>\n\t\t<\/section>\n\t\t\t\t<\/div>\n\t\t","protected":false},"excerpt":{"rendered":"<p>\u010cesto postavljena pitanja Kakva se kuhinja poslu\u017euje u restoranu Krug? Restoran Krug spoj tradicionalnih jela s modernim tehnikama. Mo\u017ee li Krug prilagoditi prehrambene restrikcije ili alergije? Molimo vas da nas obavijestite o bilo kakvim ograni\u010denjima prilikom rezervacije. Kako mogu rezervirati stol u Krugu? Rezervacije za grupe do 6 osoba mogu se napraviti online. Datumi rezervacija [&hellip;]<\/p>\n","protected":false},"author":1,"featured_media":0,"parent":0,"menu_order":0,"comment_status":"closed","ping_status":"closed","template":"","meta":{"footnotes":""},"class_list":["post-764","page","type-page","status-publish","hentry"],"aioseo_notices":[],"_links":{"self":[{"href":"https:\/\/krugrestaurantsplit.com\/hr\/wp-json\/wp\/v2\/pages\/764","targetHints":{"allow":["GET"]}}],"collection":[{"href":"https:\/\/krugrestaurantsplit.com\/hr\/wp-json\/wp\/v2\/pages"}],"about":[{"href":"https:\/\/krugrestaurantsplit.com\/hr\/wp-json\/wp\/v2\/types\/page"}],"author":[{"embeddable":true,"href":"https:\/\/krugrestaurantsplit.com\/hr\/wp-json\/wp\/v2\/users\/1"}],"replies":[{"embeddable":true,"href":"https:\/\/krugrestaurantsplit.com\/hr\/wp-json\/wp\/v2\/comments?post=764"}],"version-history":[{"count":0,"href":"https:\/\/krugrestaurantsplit.com\/hr\/wp-json\/wp\/v2\/pages\/764\/revisions"}],"wp:attachment":[{"href":"https:\/\/krugrestaurantsplit.com\/hr\/wp-json\/wp\/v2\/media?parent=764"}],"curies":[{"name":"wp","href":"https:\/\/api.w.org\/{rel}","templated":true}]}}