{"id":770,"date":"2023-04-18T11:00:22","date_gmt":"2023-04-18T11:00:22","guid":{"rendered":"https:\/\/krugrestaurantsplit.com\/our-story\/"},"modified":"2024-07-03T14:20:11","modified_gmt":"2024-07-03T14:20:11","slug":"o-nama","status":"publish","type":"page","link":"https:\/\/krugrestaurantsplit.com\/hr\/o-nama\/","title":{"rendered":"O nama"},"content":{"rendered":"\t\t<div data-elementor-type=\"wp-page\" data-elementor-id=\"770\" class=\"elementor elementor-770 elementor-119\" data-elementor-post-type=\"page\">\n\t\t\t\t\t\t<section class=\"elementor-section elementor-top-section elementor-element elementor-element-2ec4536 elementor-section-height-min-height elementor-section-items-top elementor-section-boxed elementor-section-height-default\" data-id=\"2ec4536\" data-element_type=\"section\">\n\t\t\t\t\t\t<div class=\"elementor-container elementor-column-gap-default\">\n\t\t\t\t\t<div class=\"elementor-column elementor-col-100 elementor-top-column elementor-element elementor-element-5b967e0\" data-id=\"5b967e0\" data-element_type=\"column\">\n\t\t\t<div class=\"elementor-widget-wrap elementor-element-populated\">\n\t\t\t\t\t\t<section class=\"elementor-section elementor-inner-section elementor-element elementor-element-1a51e61 elementor-section-boxed elementor-section-height-default elementor-section-height-default\" data-id=\"1a51e61\" data-element_type=\"section\">\n\t\t\t\t\t\t<div class=\"elementor-container elementor-column-gap-default\">\n\t\t\t\t\t<div class=\"elementor-column elementor-col-100 elementor-inner-column elementor-element elementor-element-84c01bf\" data-id=\"84c01bf\" data-element_type=\"column\">\n\t\t\t<div class=\"elementor-widget-wrap elementor-element-populated\">\n\t\t\t\t\t\t<div class=\"elementor-element elementor-element-6fe373c elementor-widget elementor-widget-heading\" data-id=\"6fe373c\" data-element_type=\"widget\" data-widget_type=\"heading.default\">\n\t\t\t\t<div class=\"elementor-widget-container\">\n\t\t\t\t\t<h2 class=\"elementor-heading-title elementor-size-default\">O nama<\/h2>\t\t\t\t<\/div>\n\t\t\t\t<\/div>\n\t\t\t\t<div class=\"elementor-element elementor-element-4441d37 elementor-widget-divider--view-line elementor-invisible elementor-widget elementor-widget-divider\" data-id=\"4441d37\" data-element_type=\"widget\" data-settings=\"{&quot;_animation&quot;:&quot;fadeInUp&quot;,&quot;_animation_delay&quot;:300}\" data-widget_type=\"divider.default\">\n\t\t\t\t<div class=\"elementor-widget-container\">\n\t\t\t\t\t\t\t<div class=\"elementor-divider\">\n\t\t\t<span class=\"elementor-divider-separator\">\n\t\t\t\t\t\t<\/span>\n\t\t<\/div>\n\t\t\t\t\t\t<\/div>\n\t\t\t\t<\/div>\n\t\t\t\t\t<\/div>\n\t\t<\/div>\n\t\t\t\t\t<\/div>\n\t\t<\/section>\n\t\t\t\t<section class=\"elementor-section elementor-inner-section elementor-element elementor-element-a8ca8a5 elementor-section-boxed elementor-section-height-default elementor-section-height-default\" data-id=\"a8ca8a5\" data-element_type=\"section\">\n\t\t\t\t\t\t<div class=\"elementor-container elementor-column-gap-default\">\n\t\t\t\t\t<div class=\"elementor-column elementor-col-100 elementor-inner-column elementor-element elementor-element-f651b29 elementor-invisible\" data-id=\"f651b29\" data-element_type=\"column\" data-settings=\"{&quot;background_background&quot;:&quot;classic&quot;,&quot;animation&quot;:&quot;slideInUp&quot;}\">\n\t\t\t<div class=\"elementor-widget-wrap elementor-element-populated\">\n\t\t\t\t\t\t<div class=\"elementor-element elementor-element-ff37a6a elementor-widget elementor-widget-text-editor\" data-id=\"ff37a6a\" data-element_type=\"widget\" data-widget_type=\"text-editor.default\">\n\t\t\t\t<div class=\"elementor-widget-container\">\n\t\t\t\t\t\t\t\t\t<p>Krug je intiman restoran s otvorenom kuhinjom, gdje su gosti smje\u0161teni oko pulta sa 12 sjedala koji ga okru\u017euje. Ovo nam omogu\u0107ava pru\u017eanje personalizirane i pa\u017eljive usluge.<\/p><p>Sve u restoranu se vrti oko masivnog bara gdje ljudi sjede i promatraju sve \u0161to se doga\u0111a ispred njih. Priprema hrane, vina i drugih pi\u0107a odvija se pred gostom, \u0161to na\u0161i gosti smatraju vrlo zanimljivim. Sve to prati stalna komunikacija o tome \u0161to je trenutno na njihovom tanjuru ili u njihovoj \u010da\u0161i.<\/p>\t\t\t\t\t\t\t\t<\/div>\n\t\t\t\t<\/div>\n\t\t\t\t<div class=\"elementor-element elementor-element-bc3866b elementor-widget-divider--view-line elementor-widget elementor-widget-divider\" data-id=\"bc3866b\" data-element_type=\"widget\" data-widget_type=\"divider.default\">\n\t\t\t\t<div class=\"elementor-widget-container\">\n\t\t\t\t\t\t\t<div class=\"elementor-divider\">\n\t\t\t<span class=\"elementor-divider-separator\">\n\t\t\t\t\t\t<\/span>\n\t\t<\/div>\n\t\t\t\t\t\t<\/div>\n\t\t\t\t<\/div>\n\t\t\t\t<div class=\"elementor-element elementor-element-edb4639 elementor-widget elementor-widget-text-editor\" data-id=\"edb4639\" data-element_type=\"widget\" data-widget_type=\"text-editor.default\">\n\t\t\t\t<div class=\"elementor-widget-container\">\n\t\t\t\t\t\t\t\t\t<p>U Krugu nudimo degustacijski jelovnik od 9 sljedova. Posebnu pa\u017enju posve\u0107ujemo odabiru namirnica, koje moraju biti svje\u017ee, organski uzgojene i nabavljene od malih lokalnih poljoprivrednika, mesara i ribara.<\/p><p>Sve \u0161to poslu\u017eujemo na meniju proizvodimo sami &#8211; od maslaca, kruha, do svih fermentacija, ukiseljenih namirnica, bezalkoholnih pi\u0107a na bazi vodenog kefira, soda ili kombucha.<\/p><p>U restoranu tako\u0111er koristimo dry agere, \u0161to nam omogu\u0107uje odle\u017eavanje ribe i mesa. Ovo koncentrira okus sastojaka, uklanjaju\u0107i vi\u0161ak vode.<\/p><p>Jelovnik u Krugu se prilago\u0111ava dostupnim sastojcima, tako da nemamo fiksni raspored za promjenu menija. Prili\u010dno smo fleksibilni u vezi s tim i mijenjamo jela u dogovoru izme\u0111u nas, kada smo sigurni da ih mo\u017eemo nadopuniti odabirom pi\u0107a.<\/p>\t\t\t\t\t\t\t\t<\/div>\n\t\t\t\t<\/div>\n\t\t\t\t<div class=\"elementor-element elementor-element-f6290ea elementor-widget-divider--view-line elementor-widget elementor-widget-divider\" data-id=\"f6290ea\" data-element_type=\"widget\" data-widget_type=\"divider.default\">\n\t\t\t\t<div class=\"elementor-widget-container\">\n\t\t\t\t\t\t\t<div class=\"elementor-divider\">\n\t\t\t<span class=\"elementor-divider-separator\">\n\t\t\t\t\t\t<\/span>\n\t\t<\/div>\n\t\t\t\t\t\t<\/div>\n\t\t\t\t<\/div>\n\t\t\t\t<div class=\"elementor-element elementor-element-3714f5c elementor-widget elementor-widget-text-editor\" data-id=\"3714f5c\" data-element_type=\"widget\" data-widget_type=\"text-editor.default\">\n\t\t\t\t<div class=\"elementor-widget-container\">\n\t\t\t\t\t\t\t\t\t<p>\u017delimo da se na\u0161i gosti osje\u0107aju ugodno i u\u017eivaju u svom vremenu s nama, tako da Krug nema &#8216;dress code&#8217;.<\/p><p>\u00a0<\/p><p>*Jelovnik se mijenja \u010desto, te ovisi o raspolo\u017eivosti namirnica na farmama s kojima sura\u0111ujemo. Za informacije o trenutnom jelovniku, slobodno po\u0161aljite e-mail ili nazovite\u00a0broj\u00a0restorana.<\/p>\t\t\t\t\t\t\t\t<\/div>\n\t\t\t\t<\/div>\n\t\t\t\t\t<\/div>\n\t\t<\/div>\n\t\t\t\t\t<\/div>\n\t\t<\/section>\n\t\t\t\t\t<\/div>\n\t\t<\/div>\n\t\t\t\t\t<\/div>\n\t\t<\/section>\n\t\t\t\t<\/div>\n\t\t","protected":false},"excerpt":{"rendered":"<p>O nama Krug je intiman restoran s otvorenom kuhinjom, gdje su gosti smje\u0161teni oko pulta sa 12 sjedala koji ga okru\u017euje. Ovo nam omogu\u0107ava pru\u017eanje personalizirane i pa\u017eljive usluge. Sve u restoranu se vrti oko masivnog bara gdje ljudi sjede i promatraju sve \u0161to se doga\u0111a ispred njih. Priprema hrane, vina i drugih pi\u0107a odvija [&hellip;]<\/p>\n","protected":false},"author":1,"featured_media":0,"parent":0,"menu_order":0,"comment_status":"closed","ping_status":"closed","template":"elementor_header_footer","meta":{"footnotes":""},"class_list":["post-770","page","type-page","status-publish","hentry"],"aioseo_notices":[],"_links":{"self":[{"href":"https:\/\/krugrestaurantsplit.com\/hr\/wp-json\/wp\/v2\/pages\/770","targetHints":{"allow":["GET"]}}],"collection":[{"href":"https:\/\/krugrestaurantsplit.com\/hr\/wp-json\/wp\/v2\/pages"}],"about":[{"href":"https:\/\/krugrestaurantsplit.com\/hr\/wp-json\/wp\/v2\/types\/page"}],"author":[{"embeddable":true,"href":"https:\/\/krugrestaurantsplit.com\/hr\/wp-json\/wp\/v2\/users\/1"}],"replies":[{"embeddable":true,"href":"https:\/\/krugrestaurantsplit.com\/hr\/wp-json\/wp\/v2\/comments?post=770"}],"version-history":[{"count":6,"href":"https:\/\/krugrestaurantsplit.com\/hr\/wp-json\/wp\/v2\/pages\/770\/revisions"}],"predecessor-version":[{"id":1409,"href":"https:\/\/krugrestaurantsplit.com\/hr\/wp-json\/wp\/v2\/pages\/770\/revisions\/1409"}],"wp:attachment":[{"href":"https:\/\/krugrestaurantsplit.com\/hr\/wp-json\/wp\/v2\/media?parent=770"}],"curies":[{"name":"wp","href":"https:\/\/api.w.org\/{rel}","templated":true}]}}