{"id":774,"date":"2023-04-18T11:01:29","date_gmt":"2023-04-18T11:01:29","guid":{"rendered":"https:\/\/krugrestaurantsplit.com\/reservations\/"},"modified":"2026-01-28T08:57:57","modified_gmt":"2026-01-28T08:57:57","slug":"rezervacije","status":"publish","type":"page","link":"https:\/\/krugrestaurantsplit.com\/hr\/rezervacije\/","title":{"rendered":"Rezervacije"},"content":{"rendered":"\t\t<div data-elementor-type=\"wp-page\" data-elementor-id=\"774\" class=\"elementor elementor-774 elementor-133\" data-elementor-post-type=\"page\">\n\t\t\t\t\t\t<section class=\"elementor-section elementor-top-section elementor-element elementor-element-1709e4e elementor-section-boxed elementor-section-height-default elementor-section-height-default elementor-invisible\" data-id=\"1709e4e\" data-element_type=\"section\" data-settings=\"{&quot;animation&quot;:&quot;fadeInUp&quot;}\">\n\t\t\t\t\t\t<div class=\"elementor-container elementor-column-gap-default\">\n\t\t\t\t\t<div class=\"elementor-column elementor-col-100 elementor-top-column elementor-element elementor-element-f417504\" data-id=\"f417504\" data-element_type=\"column\">\n\t\t\t<div class=\"elementor-widget-wrap elementor-element-populated\">\n\t\t\t\t\t\t<div class=\"elementor-element elementor-element-441fecc elementor-widget elementor-widget-heading\" data-id=\"441fecc\" data-element_type=\"widget\" data-widget_type=\"heading.default\">\n\t\t\t\t<div class=\"elementor-widget-container\">\n\t\t\t\t\t<h2 class=\"elementor-heading-title elementor-size-default\">Rezervacije<\/h2>\t\t\t\t<\/div>\n\t\t\t\t<\/div>\n\t\t\t\t<div class=\"elementor-element elementor-element-12ecf83 elementor-widget-divider--view-line elementor-invisible elementor-widget elementor-widget-divider\" data-id=\"12ecf83\" data-element_type=\"widget\" data-settings=\"{&quot;_animation&quot;:&quot;fadeInUp&quot;,&quot;_animation_delay&quot;:300}\" data-widget_type=\"divider.default\">\n\t\t\t\t<div class=\"elementor-widget-container\">\n\t\t\t\t\t\t\t<div class=\"elementor-divider\">\n\t\t\t<span class=\"elementor-divider-separator\">\n\t\t\t\t\t\t<\/span>\n\t\t<\/div>\n\t\t\t\t\t\t<\/div>\n\t\t\t\t<\/div>\n\t\t\t\t\t<\/div>\n\t\t<\/div>\n\t\t\t\t\t<\/div>\n\t\t<\/section>\n\t\t\t\t<section class=\"elementor-section elementor-top-section elementor-element elementor-element-0015f26 elementor-section-boxed elementor-section-height-default elementor-section-height-default elementor-invisible\" data-id=\"0015f26\" data-element_type=\"section\" data-settings=\"{&quot;animation&quot;:&quot;fadeInUp&quot;,&quot;background_background&quot;:&quot;classic&quot;}\">\n\t\t\t\t\t\t<div class=\"elementor-container elementor-column-gap-default\">\n\t\t\t\t\t<div class=\"elementor-column elementor-col-100 elementor-top-column elementor-element elementor-element-388f432\" data-id=\"388f432\" data-element_type=\"column\" data-settings=\"{&quot;background_background&quot;:&quot;classic&quot;}\">\n\t\t\t<div class=\"elementor-widget-wrap elementor-element-populated\">\n\t\t\t\t\t\t<div class=\"elementor-element elementor-element-a1444f4 elementor-widget elementor-widget-text-editor\" data-id=\"a1444f4\" data-element_type=\"widget\" data-widget_type=\"text-editor.default\">\n\t\t\t\t<div class=\"elementor-widget-container\">\n\t\t\t\t\t\t\t\t\t<p>Molimo Vas da po\u0161tujete rezervirano vrijeme dolaska, budu\u0107i da imamo mogu\u0107nost zadr\u017eavanja Va\u0161e rezervacije stola 15 minuta nakon predvi\u0111enog termina.<\/p><p>U slu\u010daju potrebe za otkazivanjem ili izmjenom rezervacije, molimo da nas obavijestite najmanje 24 sata unaprijed. To mo\u017eete u\u010diniti putem interneta klikom na poveznicu u potvrdnom e-mailu ili pozivom direktno u restoran.<\/p><p>Molimo pridr\u017eavati se vremenskog ograni\u010denja od 3 sata kako bismo osigurali najbolje iskustvo za sve goste. Hvala na razumijevanju!<\/p><p>Ukoliko primijetite da je datum koji \u017eelite ve\u0107 popunjen, slobodno se prijavite na na\u0161u listu \u010dekanja. Kontaktirat \u0107emo Vas ako se oslobodi stol.<\/p><p>Napomena: Sve rezervacije moraju biti potvr\u0111ene putem debitne ili kreditne kartice. Promjene i otkazivanja su mogu\u0107a 24 sata prije dolaska. U suprotnom, s va\u0161e kreditne kartice bit \u0107e napla\u0107ena cijena odabranog menija.<\/p><p>Ako imate prehrambene restrikcije ili preferencije, molimo da ih nazna\u010dite u obrascu za rezervaciju ili nas unaprijed kontaktirate kako bismo se prilagodili Va\u0161im potrebama.<\/p><p>Na\u017ealost, trenutno nismo u mogu\u0107nosti ponuditi vegetarijanske ili veganske obroke. Me\u0111utim, nudimo riblji meni uz prethodnu narud\u017ebu. Molimo da nas obavijestite o bilo kakvim ograni\u010denjima prilikom rezervacije.<\/p><p>Krug nema propisani &#8220;dress code&#8221;. \u017delimo da se na\u0161i gosti osje\u0107aju ugodno i opu\u0161teno, do\u0111ite kako \u017eelite.<\/p>\t\t\t\t\t\t\t\t<\/div>\n\t\t\t\t<\/div>\n\t\t\t\t<div class=\"elementor-element elementor-element-1c3e5f0 elementor-align-center elementor-mobile-align-center elementor-invisible elementor-widget elementor-widget-button\" data-id=\"1c3e5f0\" data-element_type=\"widget\" data-settings=\"{&quot;_animation&quot;:&quot;fadeInUp&quot;,&quot;_animation_delay&quot;:500}\" data-widget_type=\"button.default\">\n\t\t\t\t<div class=\"elementor-widget-container\">\n\t\t\t\t\t\t\t\t\t<div class=\"elementor-button-wrapper\">\n\t\t\t\t\t<a class=\"elementor-button elementor-button-link elementor-size-sm\" href=\"https:\/\/krug.superbexperience.com\/\">\n\t\t\t\t\t\t<span class=\"elementor-button-content-wrapper\">\n\t\t\t\t\t\t\t\t\t<span class=\"elementor-button-text\">Rezervirajte svoje mjesto<\/span>\n\t\t\t\t\t<\/span>\n\t\t\t\t\t<\/a>\n\t\t\t\t<\/div>\n\t\t\t\t\t\t\t\t<\/div>\n\t\t\t\t<\/div>\n\t\t\t\t\t<\/div>\n\t\t<\/div>\n\t\t\t\t\t<\/div>\n\t\t<\/section>\n\t\t\t\t<\/div>\n\t\t","protected":false},"excerpt":{"rendered":"<p>Rezervacije Molimo Vas da po\u0161tujete rezervirano vrijeme dolaska, budu\u0107i da imamo mogu\u0107nost zadr\u017eavanja Va\u0161e rezervacije stola 15 minuta nakon predvi\u0111enog termina. U slu\u010daju potrebe za otkazivanjem ili izmjenom rezervacije, molimo da nas obavijestite najmanje 24 sata unaprijed. To mo\u017eete u\u010diniti putem interneta klikom na poveznicu u potvrdnom e-mailu ili pozivom direktno u restoran. Molimo pridr\u017eavati [&hellip;]<\/p>\n","protected":false},"author":1,"featured_media":0,"parent":0,"menu_order":0,"comment_status":"closed","ping_status":"closed","template":"","meta":{"footnotes":""},"class_list":["post-774","page","type-page","status-publish","hentry"],"aioseo_notices":[],"_links":{"self":[{"href":"https:\/\/krugrestaurantsplit.com\/hr\/wp-json\/wp\/v2\/pages\/774","targetHints":{"allow":["GET"]}}],"collection":[{"href":"https:\/\/krugrestaurantsplit.com\/hr\/wp-json\/wp\/v2\/pages"}],"about":[{"href":"https:\/\/krugrestaurantsplit.com\/hr\/wp-json\/wp\/v2\/types\/page"}],"author":[{"embeddable":true,"href":"https:\/\/krugrestaurantsplit.com\/hr\/wp-json\/wp\/v2\/users\/1"}],"replies":[{"embeddable":true,"href":"https:\/\/krugrestaurantsplit.com\/hr\/wp-json\/wp\/v2\/comments?post=774"}],"version-history":[{"count":12,"href":"https:\/\/krugrestaurantsplit.com\/hr\/wp-json\/wp\/v2\/pages\/774\/revisions"}],"predecessor-version":[{"id":1525,"href":"https:\/\/krugrestaurantsplit.com\/hr\/wp-json\/wp\/v2\/pages\/774\/revisions\/1525"}],"wp:attachment":[{"href":"https:\/\/krugrestaurantsplit.com\/hr\/wp-json\/wp\/v2\/media?parent=774"}],"curies":[{"name":"wp","href":"https:\/\/api.w.org\/{rel}","templated":true}]}}